{"id":39,"date":"2016-09-15T15:50:29","date_gmt":"2016-09-15T13:50:29","guid":{"rendered":"http:\/\/croixblanche74.fr\/wordpress\/?page_id=39"},"modified":"2023-12-02T19:28:37","modified_gmt":"2023-12-02T18:28:37","slug":"formation","status":"publish","type":"page","link":"https:\/\/croixblanche74.fr\/?page_id=39","title":{"rendered":"FORMATIONS"},"content":{"rendered":"<p style=\"text-align: left;\">La premi\u00e8re vocation de la croix blanche est l&rsquo;enseignement. Pr\u00e8s de 140 Attestations de Formation aux Premiers Secours (PSC1) sont ainsi d\u00e9livr\u00e9es chaque ann\u00e9e.<br \/>\nCes formations ont lieu le week-end dans nos locaux ou en semaine \u00e0 l&rsquo;ext\u00e9rieur. Notre objectif est de former un maximum de personnes et de les sensibiliser sur l&rsquo;importance des premiers gestes de secours afin qu&rsquo;elles puissent venir en aide \u00e0 des bless\u00e9s ou accident\u00e9s sur la voie publique, au travail ou au sein de leur famille. De plus, de nombreux secouristes re\u00e7oivent une formation compl\u00e9mentaire : le PSE1 ( Premiers secours en \u00e9quipe de niveau 1), puis PSE2 (Premiers secours en \u00e9quipe de niveau 2).<br \/>\nCes dipl\u00f4mes leurs permetent d&rsquo;\u00eatre actif sur les postes de secours.<\/p>\n<blockquote>\n<p style=\"text-align: left;\">Formations et dipl\u00f4mes que nous pr\u00e9parons :<\/p>\n<\/blockquote>\n<p style=\"text-align: left;\">PSC 1 (anciennement AFPS)<\/p>\n<p style=\"text-align: left;\">(Pr\u00e9vention et secours civiques de niveau 1)<br \/>\nCe stage constitue le premier niveau de secourisme. D&rsquo;une dur\u00e9e de 8 heures, il comprend une dizaine de modules. L&rsquo;\u00e9valuation se fait en formation continue ( le stagiaire est valid\u00e9 module apr\u00e8s module ).<br \/>\nSi tous les modules sont valid\u00e9s par le Moniteur, une Attestation provisoire est remise en fin de stage, un dipl\u00f4me est ensuite transmis quelques semaines apr\u00e8s. Conditions d&rsquo;\u00e2ge : en principe aucune<\/p>\n<p style=\"text-align: left;\">PSE 1 :(Premiers secours en \u00e9quipe de niveau 1)<br \/>\nL&rsquo;unit\u00e9 d&rsquo;enseignement \u00ab\u00a0PSE1\u00a0\u00bb a pour objet de faire acqu\u00e9rir aux stagiaires les comp\u00e9tences n\u00e9cessaires pour tenir l&#8217;emploi de \u00ab\u00a0Secouriste\u00a0\u00bb.Le titulaire de cette qualification doit \u00eatre capable de pr\u00e9venir les risques, d&rsquo;assurer sa propre s\u00e9curit\u00e9 et celles des autres, et de mettre en oeuvre une conduite \u00e0 tenir appropri\u00e9e face \u00e0 une situation d&rsquo;accident et\/ou une d\u00e9tresse physique, avec ou sans mat\u00e9riel de premiers secours, seul ou au sein d&rsquo;une \u00e9quipe appel\u00e9e \u00e0 participer aux secours organis\u00e9s, sous le contr\u00f4le des autorit\u00e9s publiques.<\/p>\n<p style=\"text-align: left;\">PSE 2 :(Premiers secours en \u00e9quipe de niveau 2)<br \/>\nL&rsquo;unit\u00e9 d&rsquo;enseignement \u00ab\u00a0PSE2\u00a0\u00bb a pour objet d&rsquo;acqu\u00e9rir les comp\u00e9tences n\u00e9cessaires pour tenir l&#8217;emploi d&rsquo;\u00e9quipier secouriste.Le titulaire de cette qualification doit \u00eatre capable de pr\u00e9venir les risques, d&rsquo;assurer sa propre s\u00e9curit\u00e9 et celle des autres et de mettre en oeuvre une conduite \u00e0 tenir appropri\u00e9e face \u00e0 une situation d&rsquo;accident et\/ou une d\u00e9tresse physique, avec du mat\u00e9riel de premiers secours, au sein d&rsquo;une \u00e9quipe appel\u00e9e \u00e0 participer aux secours organis\u00e9s, sous le contr\u00f4le des autorit\u00e9s publiques. ( Il peut \u00eatre amen\u00e9 \u00e0 diriger un dispositif pr\u00e9visionnel de secours \u00e0 personnes de type PAPS ).<\/p>\n","protected":false},"excerpt":{"rendered":"<p>La premi\u00e8re vocation de la croix blanche est l&rsquo;enseignement. Pr\u00e8s de 140 Attestations de Formation aux Premiers Secours (PSC1) sont<\/p>\n","protected":false},"author":1,"featured_media":0,"parent":0,"menu_order":4,"comment_status":"closed","ping_status":"closed","template":"","meta":{"footnotes":""},"jetpack_sharing_enabled":true,"jetpack_shortlink":"https:\/\/wp.me\/P7U9IG-D","_links":{"self":[{"href":"https:\/\/croixblanche74.fr\/index.php?rest_route=\/wp\/v2\/pages\/39"}],"collection":[{"href":"https:\/\/croixblanche74.fr\/index.php?rest_route=\/wp\/v2\/pages"}],"about":[{"href":"https:\/\/croixblanche74.fr\/index.php?rest_route=\/wp\/v2\/types\/page"}],"author":[{"embeddable":true,"href":"https:\/\/croixblanche74.fr\/index.php?rest_route=\/wp\/v2\/users\/1"}],"replies":[{"embeddable":true,"href":"https:\/\/croixblanche74.fr\/index.php?rest_route=%2Fwp%2Fv2%2Fcomments&post=39"}],"version-history":[{"count":14,"href":"https:\/\/croixblanche74.fr\/index.php?rest_route=\/wp\/v2\/pages\/39\/revisions"}],"predecessor-version":[{"id":102,"href":"https:\/\/croixblanche74.fr\/index.php?rest_route=\/wp\/v2\/pages\/39\/revisions\/102"}],"wp:attachment":[{"href":"https:\/\/croixblanche74.fr\/index.php?rest_route=%2Fwp%2Fv2%2Fmedia&parent=39"}],"curies":[{"name":"wp","href":"https:\/\/api.w.org\/{rel}","templated":true}]}}