{"id":56,"date":"2016-09-15T16:02:45","date_gmt":"2016-09-15T14:02:45","guid":{"rendered":"http:\/\/croixblanche74.fr\/wordpress\/?page_id=56"},"modified":"2023-12-02T19:29:01","modified_gmt":"2023-12-02T18:29:01","slug":"rejoignez-nous","status":"publish","type":"page","link":"https:\/\/croixblanche74.fr\/?page_id=56","title":{"rendered":"REJOIGNEZ NOUS !"},"content":{"rendered":"<p class=\"p_flotte_left\"><img loading=\"lazy\" decoding=\"async\" class=\"\" src=\"http:\/\/croixblanche74.fr\/wordpress\/wp-content\/uploads\/2016\/09\/flyers-adh\u00e9sion-version-503x1024.jpg\" alt=\"flyers-adhesion-version\" width=\"288\" height=\"586\"><\/p>\n<p class=\"p_justify\">\n<h1>Devenez secouriste \u00e0 la Croix-Blanche en Haute Savoie !<\/h1>\n<p>Mesdames et Messieurs, personnes de bonne volont\u00e9 \u00e0 qui le mot \u00ab\u00a0SERVIR\u00a0\u00bb \u00e9voque quelque chose : Venez rejoindre notre association et apprenez les gestes qui sauvent : Votre prochain COMPTE SUR VOUS !<\/p>\n<p>Si vous souhaitez devenir secouriste, nos portes sont donc grandes ouvertes.<br \/>\nQuelles sont les conditions pour adh\u00e9rer ?<\/p>\n<p>* avoir 16 ans<br \/>\n* \u00eatre titulaire du PSE1 ou du PSE2<\/p>\n<p>Si vous n&rsquo;avez aucunes notion de secourisme, nous vous formerons, afin que vous puissiez participer aux activit\u00e9s de notre association.<\/p>\n<p>Et si je n&rsquo;ai que peu de temps \u00e0 consacrer \u00e0 l&rsquo;association ?<\/p>\n<p>Rien ne vous oblige \u00e0 \u00eatre pr\u00e9sent \u00e0 tous les postes de secours, car vous \u00eates b\u00e9n\u00e9vole ! Vous donnez de votre temps comme vous le souhaitez et le pouvez.<\/p>\n<p>A noter : La plupart de nos postes de secours ce d\u00e9roulent les week-ends. Comment adh\u00e9rer ?<\/p>\n<p>Pour adh\u00e9rer, rien de plus simple !<\/p>\n<p>Choisissez d&rsquo;abord l&rsquo;association pr\u00eat de chez vous (voir rubrique : associations locales )<br \/>\nPuis, contacter directement l&rsquo;association souhait\u00e9, elle vous donnera la d\u00e9marche \u00e0 suivre.<\/p>\n","protected":false},"excerpt":{"rendered":"<p>Devenez secouriste \u00e0 la Croix-Blanche en Haute Savoie ! Mesdames et Messieurs, personnes de bonne volont\u00e9 \u00e0 qui le mot<\/p>\n","protected":false},"author":1,"featured_media":0,"parent":0,"menu_order":5,"comment_status":"closed","ping_status":"closed","template":"","meta":{"footnotes":""},"jetpack_sharing_enabled":true,"jetpack_shortlink":"https:\/\/wp.me\/P7U9IG-U","_links":{"self":[{"href":"https:\/\/croixblanche74.fr\/index.php?rest_route=\/wp\/v2\/pages\/56"}],"collection":[{"href":"https:\/\/croixblanche74.fr\/index.php?rest_route=\/wp\/v2\/pages"}],"about":[{"href":"https:\/\/croixblanche74.fr\/index.php?rest_route=\/wp\/v2\/types\/page"}],"author":[{"embeddable":true,"href":"https:\/\/croixblanche74.fr\/index.php?rest_route=\/wp\/v2\/users\/1"}],"replies":[{"embeddable":true,"href":"https:\/\/croixblanche74.fr\/index.php?rest_route=%2Fwp%2Fv2%2Fcomments&post=56"}],"version-history":[{"count":33,"href":"https:\/\/croixblanche74.fr\/index.php?rest_route=\/wp\/v2\/pages\/56\/revisions"}],"predecessor-version":[{"id":246,"href":"https:\/\/croixblanche74.fr\/index.php?rest_route=\/wp\/v2\/pages\/56\/revisions\/246"}],"wp:attachment":[{"href":"https:\/\/croixblanche74.fr\/index.php?rest_route=%2Fwp%2Fv2%2Fmedia&parent=56"}],"curies":[{"name":"wp","href":"https:\/\/api.w.org\/{rel}","templated":true}]}}