{"id":98,"date":"2016-09-16T08:59:59","date_gmt":"2016-09-16T06:59:59","guid":{"rendered":"http:\/\/croixblanche74.fr\/wordpress\/?page_id=98"},"modified":"2023-12-02T19:26:03","modified_gmt":"2023-12-02T18:26:03","slug":"bassin-annecien","status":"publish","type":"page","link":"https:\/\/croixblanche74.fr\/?page_id=98","title":{"rendered":"BASSIN ANNECIEN"},"content":{"rendered":"<p class=\"justify\">La Croix blanche du Bassin Ann\u00e9cien existe depuis 1985 sur le d\u00e9partement. Install\u00e9e dans des locaux mis \u00e0 sa disposition par la commune d&rsquo;Annecy-Le-Vieux depuis 1993, elle dispose d&rsquo;une salle de cours, d&rsquo;un bureau, d&rsquo;un local mat\u00e9riel et d&rsquo;un garage.<br \/>\nCompos\u00e9e de b\u00e9n\u00e9voles, l&rsquo;association est au service de tous afin de former au secourisme et d&rsquo;assurer des postes de secours.<\/p>\n<p class=\"titre_2\">Permanence :<br \/>\nPour nous contacter n&rsquo;h\u00e9sitez pas \u00e0 nous laisser un message sur notre r\u00e9pondeur au 06-71-57-47-86, on vous rappellera.<br \/>\nSinon vous pouvez aussi nous joindre par email :<\/p>\n<p><a href=\"mailto:contact.ba@croixblanche74.fr\">contact.ba@croixblanche74.fr<\/a><\/p>\n<p>SECOURISTE FRANCAIS CROIX BLANCHE<br \/>\n99 Route des Rutys<\/p>\n<p>74370 annecy Pringy<\/p>\n<p>T\u00e9l formation : 06-71-57-47-86<br \/>\nPoste de secours (DPS)) : demandes uniquement par email<\/p>\n<p>INFO FORMATION PSC1 :<\/p>\n<p>&#8211; 70\u20ac par personne.<br \/>\n&#8211; Pour venir en famille, entre amis, pour 2 inscriptions simultan\u00e9es \u00e0 une m\u00eame formation : 55\u20ac par personne.<br \/>\n&#8211; Pour une formation continue (recyclage), sur pr\u00e9sentation du dipl\u00f4me, 35 euros par personne.<br \/>\nUne attestation de formation continue vous sera remise.<\/p>\n<p><a href=\"http:\/\/www.croixblanche74.fr\/ftp\/Inscription_PSC1_AnnecyLeVieux.zip\">TELECHARGER ICI VOTRE FICHE D&rsquo;INSCRIPTION !!<\/a><\/p>\n<p>ATTENTION :<br \/>\n&#8211; Pour des questions administratives toutes les inscriptions doivent nous parvenir 10 jours avant la formation.<br \/>\n&#8211; Les inscriptions sont prises en compte par ordre d&rsquo;arriv\u00e9e.<br \/>\n&#8211; Tous les stages sont bloqu\u00e9s \u00e0 dix stagiaires maximum.<br \/>\n&#8211; L&rsquo;inscription devient ferme \u00e0 partir du jour de r\u00e9ception de la fiche d&rsquo;inscription remplie et sign\u00e9e accompagn\u00e9e du r\u00e8glement si le stage n&rsquo;est pas d\u00e9j\u00e0 complet.<br \/>\n&#8211; Une confirmation d&rsquo;inscription comportant les d\u00e9tails pratiques de la formation est adress\u00e9e une semaine avant le d\u00e9but du stage.<br \/>\n&#8211; La session peut-\u00eatre annul\u00e9e s&rsquo;il y a moins de 5 stagiaires inscrits.<br \/>\n&#8211; Le stage comporte des efforts physiques \u00e0 effectuer et il est indispensable, par cons\u00e9quent, de ne pas avoir de probl\u00e8mes de dos ou de genoux<\/p>\n<p>(nous contacter pour plus d&rsquo;informations).<\/p>\n<p>Lien vers Facebook :<\/p>\n<p>https:\/\/www.facebook.com\/croixblancheannecy\/about?locale=fr_FR<\/p>\n","protected":false},"excerpt":{"rendered":"<p>La Croix blanche du Bassin Ann\u00e9cien existe depuis 1985 sur le d\u00e9partement. Install\u00e9e dans des locaux mis \u00e0 sa disposition<\/p>\n","protected":false},"author":1,"featured_media":0,"parent":96,"menu_order":1,"comment_status":"closed","ping_status":"closed","template":"","meta":{"footnotes":""},"jetpack_sharing_enabled":true,"jetpack_shortlink":"https:\/\/wp.me\/P7U9IG-1A","_links":{"self":[{"href":"https:\/\/croixblanche74.fr\/index.php?rest_route=\/wp\/v2\/pages\/98"}],"collection":[{"href":"https:\/\/croixblanche74.fr\/index.php?rest_route=\/wp\/v2\/pages"}],"about":[{"href":"https:\/\/croixblanche74.fr\/index.php?rest_route=\/wp\/v2\/types\/page"}],"author":[{"embeddable":true,"href":"https:\/\/croixblanche74.fr\/index.php?rest_route=\/wp\/v2\/users\/1"}],"replies":[{"embeddable":true,"href":"https:\/\/croixblanche74.fr\/index.php?rest_route=%2Fwp%2Fv2%2Fcomments&post=98"}],"version-history":[{"count":7,"href":"https:\/\/croixblanche74.fr\/index.php?rest_route=\/wp\/v2\/pages\/98\/revisions"}],"predecessor-version":[{"id":245,"href":"https:\/\/croixblanche74.fr\/index.php?rest_route=\/wp\/v2\/pages\/98\/revisions\/245"}],"up":[{"embeddable":true,"href":"https:\/\/croixblanche74.fr\/index.php?rest_route=\/wp\/v2\/pages\/96"}],"wp:attachment":[{"href":"https:\/\/croixblanche74.fr\/index.php?rest_route=%2Fwp%2Fv2%2Fmedia&parent=98"}],"curies":[{"name":"wp","href":"https:\/\/api.w.org\/{rel}","templated":true}]}}